{"id":610,"date":"2022-02-15T15:43:53","date_gmt":"2022-02-15T14:43:53","guid":{"rendered":"https:\/\/www.keller-bruegg.ch\/heizung\/"},"modified":"2022-04-13T14:14:53","modified_gmt":"2022-04-13T12:14:53","slug":"heizung","status":"publish","type":"page","link":"https:\/\/www.keller-bruegg.ch\/fr\/heizung\/","title":{"rendered":"Chauffage"},"content":{"rendered":"\n\n\n\n\n\n<section id=\"res-header-image-block_612f5e3dd7ea4\" class=\"res-block res-header-image alignfull\">\n  <div class=\"res-header-img-outside mb-2\" data-aos=\"res-fadeIn\">\n\t<div class=\"res-header-height\">\n\t\t\n\t\n\t  <style> \n\t\t  @media only screen and (min-width: 970px) {\n\t\t\t \t\t\t \t#res-header-image-block_612f5e3dd7ea4.res-header-image .layout-1.header-img-height { height: 55vh;}\n\t\t\t \n\t\t\t \t\t\t \t#res-header-image-block_612f5e3dd7ea4.res-header-image .layout-1 .res-header-image-vertical-center { top: 66%;}\n\t\t\t \n\t\t\t   \n\t\t\t\t\t\t \n\t\t\t\t\t  }\n\n\t\t  @media only screen and (max-width: 970px) {  \n\t\t\t\t\t\t\t#res-header-image-block_612f5e3dd7ea4.res-header-image .layout-1.header-img-height { height: 55vh;}\n\t\t\t \n\t\t\t\t\t\t\t#res-header-image-block_612f5e3dd7ea4.res-header-image .layout-1 .res-header-image-vertical-center { top: 55%;}\n\t\t\t \n\t\t\t  \n\t\t\t\t\t  }\n\n\t\t  \t  <\/style> \n\t\t\n\t  <div class=\"layout-1 jarallax header-img-height\" data-speed=\"0.6\" style=\"background-color: #000;\">\n\t\t  \n\t\t\t\t<div class=\"res-header-image-vertical-center\">\n\t\t\t\t\t<div class=\"container-fluid\">\n\t\t\t\t\t\t\n\t\t\t\t\t\t<div class=\"sloganBox\">\n                           <div class=\"row\">\n                             <div class=\"col col-md-6 text-left\">\n\t\t\t\t\t\t\t\t <div class=\"sloganbox-background\" data-aos=\"res-leftIncoming\">\n\t\t\t\t\t\t\t\t \n                                                                   <h1 class=\"pb-1\">CHAUFFAGE<\/h1>\n                                \t\n\t\t\t\t\t\t\t\t \n                                \t\t\t\t\t\t\t\t \n                                \t\n\t\t\t\t\t\t\t\t \n\t\t\t\t\t\t\t\t\t\t\t\t\t\t\t\t  <p>Un nouveau chauffage \u2013 votre contribution \u00e0 l\u2019environnement<\/p>\n\t\t\t\t\t\t\t\t\t\n\n\t\t\t\t\t\t\t\t \t\t\t\t\t\t\t\t \n\t\t\t\t\t\t\t\t\t<\/div>\n\t\t\t\t                 <\/div>\n\t\t\t\t\t\t\t<\/div>\n\t\t\t\t\t\t<\/div>\n\n\t\t\t\t\t<\/div>\n\t\t\t\t<\/div>\n\t\t\t\t\n                                            <img decoding=\"async\" class=\"jarallax-img img-fluid\" src=\"https:\/\/www.keller-bruegg.ch\/wp-content\/uploads\/sites\/53\/2022\/02\/suissetec-heizung-17-1920x1080.jpg\"  style=\"opacity: 0.9;\" alt=\"\"\/>\n                    \t\t  \n\t\t\t\t \n\t\t\t\t  <div class=\"header-arrow\"><a class=\"scrollerTo\" href=\"#heizung\"><i class=\"fal fa-chevron-down\" aria-hidden=\"true\"><\/i><\/a> <\/div>\n\t\t\t\t\t\n\t\t   <\/div>\n\t\t\t \n\t \n\n\n\t\t<\/div>\n\t<\/div>\n<\/section>\t\n\n\n<section id=\"heizung\">\n\t\n\t\t\n\t\t\n<\/section>\n\n\n\t<section id=\"res-nav-tab-block_620d0b485c45e\" class=\"res-block  res-navtab layout02 pt-2 sticky-subnav\" style=\"background-color: #fff;\">\n\t\t<div class=\"inner-container container\" data-aos=\"res-fadeIn\">\n\n\t\t\t\t\t\t\n\t\t\t\t\t\t\t\t\t\n\t\t\t\t\t\t\n\t\t\t\t\t\t\t\t\t\t\t\t\t<div class=\"tabs tabs-acf\">\n\t\t\t\t\t\t\t\t<div class=\"tabsNav tab-links\">\n\t\t\t\t\t\t\t\t\t<ul class=\"nav nav-pills nav-fill nav-quer\">\n\t\t\t\t\t\t\t\t\t\t\t\t\t\t\t\t\t\t\t\t\n\t\t\t\t\t\t\t\t\t<li class=\"nav-single-tab nav-item\">\n\t\t\t\t\t\t\t\t\t\t<a class=\"nav-link scrollerTo\"href=\"#planung\" target=\"_parent\"><span>Conseil<\/span><\/a>\n\t\t\t\t\t\t\t\t\t<\/li>\n\t\t\t\t\t\t\t\t\t\t\t\t\t\t\t\t\t\t\t\t\t\t\t\n\t\t\t\t\t\t\t\t\t<li class=\"nav-single-tab nav-item\">\n\t\t\t\t\t\t\t\t\t\t<a class=\"nav-link scrollerTo\"href=\"#ausfuehrung\" target=\"_parent\"><span>Planification<\/span><\/a>\n\t\t\t\t\t\t\t\t\t<\/li>\n\t\t\t\t\t\t\t\t\t\t\t\t\t\t\t\t\t\t\t\t\t\t\t\n\t\t\t\t\t\t\t\t\t<li class=\"nav-single-tab nav-item\">\n\t\t\t\t\t\t\t\t\t\t<a class=\"nav-link scrollerTo\"href=\"#sanierung\" target=\"_parent\"><span>Ex\u00e9cution<\/span><\/a>\n\t\t\t\t\t\t\t\t\t<\/li>\n\t\t\t\t\t\t\t\t\t\t\t\t\t\t\t\t\t\t\t\t\t\t\t\n\t\t\t\t\t\t\t\t\t<li class=\"nav-single-tab nav-item\">\n\t\t\t\t\t\t\t\t\t\t<a class=\"nav-link scrollerTo\"href=\"#neubau\" target=\"_parent\"><span>R\u00e9novation<\/span><\/a>\n\t\t\t\t\t\t\t\t\t<\/li>\n\t\t\t\t\t\t\t\t\t\t\t\t\t\t\t\t\t\t\t\t\t\t\t\n\t\t\t\t\t\t\t\t\t<li class=\"nav-single-tab nav-item\">\n\t\t\t\t\t\t\t\t\t\t<a class=\"nav-link scrollerTo\"href=\"#erneuerbar-heizen\" target=\"_parent\"><span>Nouvelle construction<\/span><\/a>\n\t\t\t\t\t\t\t\t\t<\/li>\n\t\t\t\t\t\t\t\t\t\t\t\t\t\t\t\t\t\t\t\t\t\t\t\n\t\t\t\t\t\t\t\t\t<li class=\"nav-single-tab nav-item\">\n\t\t\t\t\t\t\t\t\t\t<a class=\"nav-link scrollerTo\"href=\"#wartung\" target=\"_parent\"><span>Entretien et maintenance<\/span><\/a>\n\t\t\t\t\t\t\t\t\t<\/li>\n\t\t\t\t\t\t\t\t\t\t\t\t\t\t\t\t\t\t\t\t\t\t<\/ul>\n\t\t\t\t\t\t\t\t<\/div>\n\t\t\t\t\t\t\t<\/div>\n\t\t\t\t\t\t\n\t\t\t\t\t\t\n\t\t<\/div>\n\t<\/section>\n\n\n\n\n<section id=\"planung\">\n\t\n\t\t\n\t\t\n<\/section>\n\n\n\n<section id=\"res-text-bild-block_620bcbffe8aff\" class=\"res-block res-text-bild layout01 py-3\" style=\"background: transparent;\">\n  <div class=\"inner-container container-off\" data-aos=\"res-fadeIn\">\n \n\t\t\t  <style>\n\t\t\t @media only screen and (min-width: 970px) {\n\t\t\t  #res-text-bild-block_620bcbffe8aff.res-text-bild .layout-1 .txt-imagebox.offset-md-1 {margin-left: 3%;}\n\t\t\t  #res-text-bild-block_620bcbffe8aff.res-text-bild .layout-1 .txt-box.offset-md-1 {margin-left: 3%;} \t\n\t\t\t} \n\t\t\t \t\t\t  \n\t\t  <\/style> \n\t  \n\t  \n        <div class=\"layout-1 row \">\n\t\t\t<div class=\"col-md-7 txt-box \">\n\t\t\t\t\n\t\n\t\t\t\t\n\n\t\t\t\t\t\t\t\t\n\t\t\t\t \n\t\t\t\t   <h3 class=\"pb-1\">Conseil<\/h3>\n\t\t\t\t\t\n\n\t\t\t\t <div class=\"txt-text postContent pt-2 pt-md-2\">\n\t\t\t\t\t\t\t\t\t\t  <p>En choisissant le bon producteur de chaleur, vous pouvez facilement \u00e9conomiser plusieurs centaines de francs par ann\u00e9e. Nous analysons vos besoins ainsi que l\u2019infrastructure de votre b\u00e2timent. Ainsi, nous pouvons vous montrer pr\u00e9cis\u00e9ment quels syst\u00e8mes de chauffage sont appropri\u00e9s et vous indiquer la meilleure solution.<\/p>\n\t\t\t\t\t\t\n\n\t\t\t\t\t                      \n\t\t\t\t\t\t\n\t\t \n\t\t\t\t<\/div>\n\n\t\t\t\t\n\t\t\t<\/div>\n\n\t\t\t<div class=\"col-md mb-2 mt-md-1 txt-imagebox offset-md-1\">\n\t\t\t\t\t\t\t\t\t\t<img loading=\"lazy\" decoding=\"async\" width=\"1000\" height=\"750\" src=\"https:\/\/www.keller-bruegg.ch\/wp-content\/uploads\/sites\/53\/2022\/02\/suissetec-allgemein-02-1000x750.jpg\" class=\"img-fluid w-100 txt-img\" alt=\"\" \/>\t\t\t\t\t\t\n\t\t\t<\/div>\n\n\t\t<\/div>\n\t  \n\n\t \n \n\t<\/div>\n<\/section>\n\n\n<section id=\"ausfuehrung\">\n\t\n\t\t\n\t\t\n<\/section>\n\n\n\n<section id=\"res-text-bild-block_620bcc7be8b01\" class=\"res-block res-text-bild layout01 py-3\" style=\"background: transparent;\">\n  <div class=\"inner-container container-off\" data-aos=\"res-fadeIn\">\n \n\t\t\t  <style>\n\t\t\t @media only screen and (min-width: 970px) {\n\t\t\t  #res-text-bild-block_620bcc7be8b01.res-text-bild .layout-1 .txt-imagebox.offset-md-1 {margin-left: 3%;}\n\t\t\t  #res-text-bild-block_620bcc7be8b01.res-text-bild .layout-1 .txt-box.offset-md-1 {margin-left: 3%;} \t\n\t\t\t} \n\t\t\t \t\t\t  \n\t\t  <\/style> \n\t  \n\t  \n        <div class=\"layout-1 row flex-row-reverse\">\n\t\t\t<div class=\"col-md-7 txt-box offset-md-1\">\n\t\t\t\t\n\t\n\t\t\t\t\n\n\t\t\t\t\t\t\t\t\n\t\t\t\t \n\t\t\t\t   <h3 class=\"pb-1\">Planification<\/h3>\n\t\t\t\t\t\n\n\t\t\t\t <div class=\"txt-text postContent pt-2 pt-md-2\">\n\t\t\t\t\t\t\t\t\t\t  <p>Une fois le syst\u00e8me de chauffage choisi, nous nous occupons de tous les travaux de pr\u00e9paration et de planification n\u00e9cessaires. Par planification, on entend principalement le calcul, le dimensionnement et la prise en compte des normes techniques.<\/p>\n\t\t\t\t\t\t\n\n\t\t\t\t\t                      \n\t\t\t\t\t\t\n\t\t \n\t\t\t\t<\/div>\n\n\t\t\t\t\n\t\t\t<\/div>\n\n\t\t\t<div class=\"col-md mb-2 mt-md-1 txt-imagebox \">\n\t\t\t\t\t\t\t\t\t\t<img loading=\"lazy\" decoding=\"async\" width=\"1000\" height=\"750\" src=\"https:\/\/www.keller-bruegg.ch\/wp-content\/uploads\/sites\/53\/2022\/02\/suissetec-heizung-04-1000x750.jpg\" class=\"img-fluid w-100 txt-img\" alt=\"\" \/>\t\t\t\t\t\t\n\t\t\t<\/div>\n\n\t\t<\/div>\n\t  \n\n\t \n \n\t<\/div>\n<\/section>\n\n\n<section id=\"sanierung\">\n\t\n\t\t\n\t\t\n<\/section>\n\n\n\n<section id=\"res-text-bild-block_620d0a7c5c45a\" class=\"res-block res-text-bild layout01 py-3\" style=\"background: transparent;\">\n  <div class=\"inner-container container-off\" data-aos=\"res-fadeIn\">\n \n\t\t\t  <style>\n\t\t\t @media only screen and (min-width: 970px) {\n\t\t\t  #res-text-bild-block_620d0a7c5c45a.res-text-bild .layout-1 .txt-imagebox.offset-md-1 {margin-left: 3%;}\n\t\t\t  #res-text-bild-block_620d0a7c5c45a.res-text-bild .layout-1 .txt-box.offset-md-1 {margin-left: 3%;} \t\n\t\t\t} \n\t\t\t \t\t\t  \n\t\t  <\/style> \n\t  \n\t  \n        <div class=\"layout-1 row \">\n\t\t\t<div class=\"col-md-7 txt-box \">\n\t\t\t\t\n\t\n\t\t\t\t\n\n\t\t\t\t\t\t\t\t\n\t\t\t\t \n\t\t\t\t   <h3 class=\"pb-1\">Ex\u00e9cution<\/h3>\n\t\t\t\t\t\n\n\t\t\t\t <div class=\"txt-text postContent pt-2 pt-md-2\">\n\t\t\t\t\t\t\t\t\t\t  <p>La pose concr\u00e8te du syst\u00e8me de chauffage commence avec la mise en place du chantier et la livraison du mat\u00e9riel. Outre le montage de l\u2019installation, nous prenons en charge la coordination avec les autres corps de m\u00e9tier ainsi que la documentation. L\u2019ex\u00e9cution se termine par la mise en service et les instructions d\u2019exploitation.<\/p>\n\t\t\t\t\t\t\n\n\t\t\t\t\t                      \n\t\t\t\t\t\t\n\t\t \n\t\t\t\t<\/div>\n\n\t\t\t\t\n\t\t\t<\/div>\n\n\t\t\t<div class=\"col-md mb-2 mt-md-1 txt-imagebox offset-md-1\">\n\t\t\t\t\t\t\t\t\t\t<img loading=\"lazy\" decoding=\"async\" width=\"1000\" height=\"750\" src=\"https:\/\/www.keller-bruegg.ch\/wp-content\/uploads\/sites\/53\/2022\/02\/suissetec-heizung-07-1000x750.jpg\" class=\"img-fluid w-100 txt-img\" alt=\"\" \/>\t\t\t\t\t\t\n\t\t\t<\/div>\n\n\t\t<\/div>\n\t  \n\n\t \n \n\t<\/div>\n<\/section>\n\n\n<section id=\"neubau\">\n\t\n\t\t\n\t\t\n<\/section>\n\n\n\n<section id=\"res-text-bild-block_620d0a9f5c45b\" class=\"res-block res-text-bild layout01 py-3\" style=\"background: transparent;\">\n  <div class=\"inner-container container-off\" data-aos=\"res-fadeIn\">\n \n\t\t\t  <style>\n\t\t\t @media only screen and (min-width: 970px) {\n\t\t\t  #res-text-bild-block_620d0a9f5c45b.res-text-bild .layout-1 .txt-imagebox.offset-md-1 {margin-left: 3%;}\n\t\t\t  #res-text-bild-block_620d0a9f5c45b.res-text-bild .layout-1 .txt-box.offset-md-1 {margin-left: 3%;} \t\n\t\t\t} \n\t\t\t \t\t\t  \n\t\t  <\/style> \n\t  \n\t  \n        <div class=\"layout-1 row flex-row-reverse\">\n\t\t\t<div class=\"col-md-7 txt-box offset-md-1\">\n\t\t\t\t\n\t\n\t\t\t\t\n\n\t\t\t\t\t\t\t\t\n\t\t\t\t \n\t\t\t\t   <h3 class=\"pb-1\">R\u00e9novation<\/h3>\n\t\t\t\t\t\n\n\t\t\t\t <div class=\"txt-text postContent pt-2 pt-md-2\">\n\t\t\t\t\t\t\t\t\t\t  <p>Votre chauffage au mazout est ancien et ne fonctionne plus efficacement. N\u2019attendez pas qu\u2019il tombe en panne. En cas de dysfonctionnement, le temps manque souvent pour d\u00e9terminer la meilleure solution de remplacement. Prenez les devants et laissez-nous vous conseiller.<\/p>\n<p>&nbsp;<\/p>\n\t\t\t\t\t\t\n\n\t\t\t\t\t                      \n\t\t\t\t\t\t\n\t\t \n\t\t\t\t<\/div>\n\n\t\t\t\t\n\t\t\t<\/div>\n\n\t\t\t<div class=\"col-md mb-2 mt-md-1 txt-imagebox \">\n\t\t\t\t\t\t\t\t\t\t<img loading=\"lazy\" decoding=\"async\" width=\"1000\" height=\"750\" src=\"https:\/\/www.keller-bruegg.ch\/wp-content\/uploads\/sites\/53\/2022\/02\/suissetec-heizung-21-1000x750.jpg\" class=\"img-fluid w-100 txt-img\" alt=\"\" \/>\t\t\t\t\t\t\n\t\t\t<\/div>\n\n\t\t<\/div>\n\t  \n\n\t \n \n\t<\/div>\n<\/section>\n\n\n<section id=\"erneuerbar-heizen\">\n\t\n\t\t\n\t\t\n<\/section>\n\n\n\n<section id=\"res-text-bild-block_620d0acf5c45c\" class=\"res-block res-text-bild layout01 py-3\" style=\"background: transparent;\">\n  <div class=\"inner-container container-off\" data-aos=\"res-fadeIn\">\n \n\t\t\t  <style>\n\t\t\t @media only screen and (min-width: 970px) {\n\t\t\t  #res-text-bild-block_620d0acf5c45c.res-text-bild .layout-1 .txt-imagebox.offset-md-1 {margin-left: 3%;}\n\t\t\t  #res-text-bild-block_620d0acf5c45c.res-text-bild .layout-1 .txt-box.offset-md-1 {margin-left: 3%;} \t\n\t\t\t} \n\t\t\t \t\t\t  \n\t\t  <\/style> \n\t  \n\t  \n        <div class=\"layout-1 row \">\n\t\t\t<div class=\"col-md-7 txt-box \">\n\t\t\t\t\n\t\n\t\t\t\t\n\n\t\t\t\t\t\t\t\t\n\t\t\t\t \n\t\t\t\t   <h3 class=\"pb-1\">Nouvelle construction<\/h3>\n\t\t\t\t\t\n\n\t\t\t\t <div class=\"txt-text postContent pt-2 pt-md-2\">\n\t\t\t\t\t\t\t\t\t\t  <p>Aujourd\u2019hui, les nouvelles constructions doivent remplir des exigences strictes en mati\u00e8re de chauffage. Les possibilit\u00e9s sont multiples\u00a0: pompe \u00e0 chaleur, solaire thermique, chauffage \u00e0 bois, photovolta\u00efque, etc. La priorit\u00e9 va g\u00e9n\u00e9ralement \u00e0 la durabilit\u00e9. Nous veillons \u00e9galement \u00e0 ce que le syst\u00e8me choisi vous apporte un bon rapport co\u00fbts\/b\u00e9n\u00e9fices.<\/p>\n\t\t\t\t\t\t\n\n\t\t\t\t\t                      \n\t\t\t\t\t\t\n\t\t \n\t\t\t\t<\/div>\n\n\t\t\t\t\n\t\t\t<\/div>\n\n\t\t\t<div class=\"col-md mb-2 mt-md-1 txt-imagebox offset-md-1\">\n\t\t\t\t\t\t\t\t\t\t<img loading=\"lazy\" decoding=\"async\" width=\"1000\" height=\"750\" src=\"https:\/\/www.keller-bruegg.ch\/wp-content\/uploads\/sites\/53\/2022\/02\/suissetec-heizung-17-1000x750.jpg\" class=\"img-fluid w-100 txt-img\" alt=\"\" \/>\t\t\t\t\t\t\n\t\t\t<\/div>\n\n\t\t<\/div>\n\t  \n\n\t \n \n\t<\/div>\n<\/section>\n\n\n<section id=\"wartung\">\n\t\n\t\t\n\t\t\n<\/section>\n\n\n\n<section id=\"res-text-bild-block_620d0ade5c45d\" class=\"res-block res-text-bild layout01 py-3\" style=\"background: transparent;\">\n  <div class=\"inner-container container-off\" data-aos=\"res-fadeIn\">\n \n\t\t\t  <style>\n\t\t\t @media only screen and (min-width: 970px) {\n\t\t\t  #res-text-bild-block_620d0ade5c45d.res-text-bild .layout-1 .txt-imagebox.offset-md-1 {margin-left: 3%;}\n\t\t\t  #res-text-bild-block_620d0ade5c45d.res-text-bild .layout-1 .txt-box.offset-md-1 {margin-left: 3%;} \t\n\t\t\t} \n\t\t\t \t\t\t  \n\t\t  <\/style> \n\t  \n\t  \n        <div class=\"layout-1 row flex-row-reverse\">\n\t\t\t<div class=\"col-md-7 txt-box offset-md-1\">\n\t\t\t\t\n\t\n\t\t\t\t\n\n\t\t\t\t\t\t\t\t\n\t\t\t\t \n\t\t\t\t   <h3 class=\"pb-1\">Entretien et maintenance<\/h3>\n\t\t\t\t\t\n\n\t\t\t\t <div class=\"txt-text postContent pt-2 pt-md-2\">\n\t\t\t\t\t\t\t\t\t\t  <p>Des travaux d\u2019entretien et de maintenance r\u00e9guliers garantissent le bon fonctionnement de votre syst\u00e8me de chauffage. Ils contribuent \u00e9galement \u00e0 prolonger sa dur\u00e9e de vie et pr\u00e9viennent les dommages impr\u00e9vus entra\u00eenant des frais \u00e9lev\u00e9s.<\/p>\n<p>Nous v\u00e9rifions le bon fonctionnement du syst\u00e8me et l\u2019\u00e9tanch\u00e9it\u00e9 des conduites, et rempla\u00e7ons les vannes et les pompes lorsque n\u00e9cessaire. Nous faisons le r\u00e9glage de l\u2019installation et vous informons de son \u00e9tat.<\/p>\n\t\t\t\t\t\t\n\n\t\t\t\t\t                      \n\t\t\t\t\t\t\n\t\t \n\t\t\t\t<\/div>\n\n\t\t\t\t\n\t\t\t<\/div>\n\n\t\t\t<div class=\"col-md mb-2 mt-md-1 txt-imagebox \">\n\t\t\t\t\t\t\t\t\t\t<img loading=\"lazy\" decoding=\"async\" width=\"1000\" height=\"750\" src=\"https:\/\/www.keller-bruegg.ch\/wp-content\/uploads\/sites\/53\/2022\/02\/suissetec-heizung-13-1000x750.jpg\" class=\"img-fluid w-100 txt-img\" alt=\"\" \/>\t\t\t\t\t\t\n\t\t\t<\/div>\n\n\t\t<\/div>\n\t  \n\n\t \n \n\t<\/div>\n<\/section>","protected":false},"excerpt":{"rendered":"","protected":false},"author":1,"featured_media":0,"parent":0,"menu_order":0,"comment_status":"closed","ping_status":"closed","template":"","meta":{"_acf_changed":false,"footnotes":""},"class_list":["post-610","page","type-page","status-publish","hentry"],"acf":[],"_links":{"self":[{"href":"https:\/\/www.keller-bruegg.ch\/fr\/wp-json\/wp\/v2\/pages\/610","targetHints":{"allow":["GET"]}}],"collection":[{"href":"https:\/\/www.keller-bruegg.ch\/fr\/wp-json\/wp\/v2\/pages"}],"about":[{"href":"https:\/\/www.keller-bruegg.ch\/fr\/wp-json\/wp\/v2\/types\/page"}],"author":[{"embeddable":true,"href":"https:\/\/www.keller-bruegg.ch\/fr\/wp-json\/wp\/v2\/users\/1"}],"replies":[{"embeddable":true,"href":"https:\/\/www.keller-bruegg.ch\/fr\/wp-json\/wp\/v2\/comments?post=610"}],"version-history":[{"count":12,"href":"https:\/\/www.keller-bruegg.ch\/fr\/wp-json\/wp\/v2\/pages\/610\/revisions"}],"predecessor-version":[{"id":976,"href":"https:\/\/www.keller-bruegg.ch\/fr\/wp-json\/wp\/v2\/pages\/610\/revisions\/976"}],"wp:attachment":[{"href":"https:\/\/www.keller-bruegg.ch\/fr\/wp-json\/wp\/v2\/media?parent=610"}],"curies":[{"name":"wp","href":"https:\/\/api.w.org\/{rel}","templated":true}]}}